{"id":23960,"date":"2014-10-31T10:25:53","date_gmt":"2014-10-31T10:25:53","guid":{"rendered":"http:\/\/www.hipicamasbatllo.com\/pupilaje-2\/"},"modified":"2015-04-13T09:31:10","modified_gmt":"2015-04-13T09:31:10","slug":"pupilaje","status":"publish","type":"page","link":"https:\/\/www.hipicamasbatllo.com\/ca\/pupilaje\/","title":{"rendered":"Pupil\u00b7latge"},"content":{"rendered":"<section class=\"wpb-content-wrapper\"><p>[vc_row bg_type=&#8221;image&#8221; bg_grad=&#8221;background: -webkit-gradient(linear, left top, left bottom, color-stop(0%, #FBFBFB), color-stop(50%, #E3E3E3), color-stop(100%, #C2C2C2));background: -moz-linear-gradient(top,#FBFBFB 0%,#E3E3E3 50%,#C2C2C2 100%);background: -webkit-linear-gradient(top,#FBFBFB 0%,#E3E3E3 50%,#C2C2C2 100%);background: -o-linear-gradient(top,#FBFBFB 0%,#E3E3E3 50%,#C2C2C2 100%);background: -ms-linear-gradient(top,#FBFBFB 0%,#E3E3E3 50%,#C2C2C2 100%);background: linear-gradient(top,#FBFBFB 0%,#E3E3E3 50%,#C2C2C2 100%);&#8221; parallax_style=&#8221;vcpb-default&#8221; bg_image_new=&#8221;22886&#8243; bg_image_repeat=&#8221;no-repeat&#8221; bg_image_size=&#8221;cover&#8221; bg_img_attach=&#8221;fixed&#8221; parallax_sense=&#8221;30&#8243; animation_direction=&#8221;left-animation&#8221; animation_repeat=&#8221;repeat&#8221; parallax_content_sense=&#8221;30&#8243; fadeout_start_effect=&#8221;30&#8243; bg_override=&#8221;full&#8221; css=&#8221;.vc_custom_1414752297967{padding-top: 60px !important;padding-bottom: 35px !important;}&#8221;][vc_column width=&#8221;1\/1&#8243;][vc_column_text]<\/p>\n<h1 style=\"font-size: 40px; font-family: Roboto, serif; font-weight: 300; text-align: center;\"><span style=\"color: #ffffff;\">Pupil\u00b7latge<\/span><\/h1>\n<hr class=\"divider break\" \/>\n<p style=\"font-size: 18px; font-family: Roboto; font-weight: 300; text-align: center;\"><span style=\"color: #ffffff;\">Oferim el servei de pupil\u00b7latge adaptat a les necessitats de cada cavall pel que podeu triar varies opcions<\/span><\/p>\n<p>[\/vc_column_text][\/vc_column][\/vc_row][vc_row css=&#8221;.vc_custom_1414753670257{margin-bottom: 15px !important;}&#8221; bg_type=&#8221;no_bg&#8221; bg_grad=&#8221;background: -webkit-gradient(linear, left top, left bottom, color-stop(0%, #FBFBFB), color-stop(50%, #E3E3E3), color-stop(100%, #C2C2C2));background: -moz-linear-gradient(top,#FBFBFB 0%,#E3E3E3 50%,#C2C2C2 100%);background: -webkit-linear-gradient(top,#FBFBFB 0%,#E3E3E3 50%,#C2C2C2 100%);background: -o-linear-gradient(top,#FBFBFB 0%,#E3E3E3 50%,#C2C2C2 100%);background: -ms-linear-gradient(top,#FBFBFB 0%,#E3E3E3 50%,#C2C2C2 100%);background: linear-gradient(top,#FBFBFB 0%,#E3E3E3 50%,#C2C2C2 100%);&#8221; parallax_style=&#8221;vcpb-default&#8221; bg_image_repeat=&#8221;no-repeat&#8221; bg_image_size=&#8221;cover&#8221; bg_img_attach=&#8221;fixed&#8221; parallax_sense=&#8221;30&#8243; animation_direction=&#8221;left-animation&#8221; animation_repeat=&#8221;repeat&#8221; parallax_content_sense=&#8221;30&#8243; fadeout_start_effect=&#8221;30&#8243; bg_override=&#8221;0&#8243;][vc_column width=&#8221;1\/3&#8243;][vc_column_text]<\/p>\n<h2 style=\"color: #0e3084;\">HorseClub Barcelona<\/h2>\n<div style=\"float: left; width: 220px;\">\n<p>Comptem amb:<div class=\"list list-circle\"><\/p>\n<ul>\n<li>20 quadres de 3X4m<\/li>\n<li>28 p\u00e0docs exteriors<\/li>\n<\/ul>\n<p><\/div\t><\/p>\n<\/div>\n<div style=\"float: left; width: 220px;\">\n<p>Podeu triar entre:<div class=\"list list-circle\"><\/p>\n<ul>\n<li>Cavall al p\u00e0doc<\/li>\n<li>Cavall a quadra i sortida al p\u00e0doc<\/li>\n<\/ul>\n<p><\/div\t><\/p>\n<\/div>\n<p>[\/vc_column_text][\/vc_column][vc_column width=&#8221;1\/3&#8243;][vc_single_image image=&#8221;23784&#8243; img_size=&#8221;319 \u00d7 321&#8243; img_link_target=&#8221;_self&#8221;][\/vc_column][vc_column width=&#8221;1\/3&#8243;][vc_column_text]<\/p>\n<h2 style=\"color: #0e3084;\">Abella-Camprodon<\/h2>\n<p>Oferim dues modalitats de pupil\u00b7latge:<br \/>\n<div class=\"list list-circle\"><\/p>\n<ul>\n<li>Servei de pupil\u00b7latge en llibertat i quadra. Els cavalls viuen en manada en les nombroses hect\u00e0rees de terreny que tenim per a ells<\/li>\n<li>P\u00e0doc i quadra<\/li>\n<\/ul>\n<p><\/div\t>[\/vc_column_text][\/vc_column][\/vc_row][vc_row css=&#8221;.vc_custom_1414754880507{margin-bottom: 0px !important;padding-top: 10px !important;padding-bottom: 0px !important;}&#8221; bg_type=&#8221;bg_color&#8221; bg_grad=&#8221;background: -webkit-gradient(linear, left top, left bottom, color-stop(0%, #FBFBFB), color-stop(50%, #E3E3E3), color-stop(100%, #C2C2C2));background: -moz-linear-gradient(top,#FBFBFB 0%,#E3E3E3 50%,#C2C2C2 100%);background: -webkit-linear-gradient(top,#FBFBFB 0%,#E3E3E3 50%,#C2C2C2 100%);background: -o-linear-gradient(top,#FBFBFB 0%,#E3E3E3 50%,#C2C2C2 100%);background: -ms-linear-gradient(top,#FBFBFB 0%,#E3E3E3 50%,#C2C2C2 100%);background: linear-gradient(top,#FBFBFB 0%,#E3E3E3 50%,#C2C2C2 100%);&#8221; parallax_style=&#8221;vcpb-default&#8221; bg_image_repeat=&#8221;no-repeat&#8221; bg_image_size=&#8221;cover&#8221; bg_img_attach=&#8221;fixed&#8221; parallax_sense=&#8221;30&#8243; animation_direction=&#8221;left-animation&#8221; animation_repeat=&#8221;repeat&#8221; parallax_content_sense=&#8221;30&#8243; fadeout_start_effect=&#8221;30&#8243; bg_override=&#8221;full&#8221; bg_color_value=&#8221;#f9f9f9&#8243; font_color=&#8221;#f9f9f9&#8243;][vc_column width=&#8221;1\/1&#8243; css=&#8221;.vc_custom_1414753759337{margin-bottom: 0px !important;}&#8221;][vc_column_text css=&#8221;.vc_custom_1428913362409{margin-bottom: 0px !important;padding-top: 10px !important;}&#8221;]<\/p>\n<h3 style=\"color: #0e3084;\">Serveis Especials:<\/h3>\n<p>[\/vc_column_text][\/vc_column][\/vc_row][vc_row bg_type=&#8221;bg_color&#8221; bg_grad=&#8221;background: -webkit-gradient(linear, left top, left bottom, color-stop(0%, #FBFBFB), color-stop(50%, #E3E3E3), color-stop(100%, #C2C2C2));background: -moz-linear-gradient(top,#FBFBFB 0%,#E3E3E3 50%,#C2C2C2 100%);background: -webkit-linear-gradient(top,#FBFBFB 0%,#E3E3E3 50%,#C2C2C2 100%);background: -o-linear-gradient(top,#FBFBFB 0%,#E3E3E3 50%,#C2C2C2 100%);background: -ms-linear-gradient(top,#FBFBFB 0%,#E3E3E3 50%,#C2C2C2 100%);background: linear-gradient(top,#FBFBFB 0%,#E3E3E3 50%,#C2C2C2 100%);&#8221; bg_color_value=&#8221;#f9f9f9&#8243; parallax_style=&#8221;vcpb-default&#8221; bg_image_repeat=&#8221;no-repeat&#8221; bg_image_size=&#8221;cover&#8221; bg_img_attach=&#8221;fixed&#8221; parallax_sense=&#8221;30&#8243; animation_direction=&#8221;left-animation&#8221; animation_repeat=&#8221;repeat&#8221; parallax_content_sense=&#8221;30&#8243; fadeout_start_effect=&#8221;30&#8243; bg_override=&#8221;full&#8221; css=&#8221;.vc_custom_1415011703896{margin-bottom: 0px !important;}&#8221;][vc_column width=&#8221;1\/4&#8243;][vc_column_text css=&#8221;.vc_custom_1428913401781{margin-bottom: 10px !important;}&#8221;]<div class=\"list list-circle\"><\/p>\n<ul style=\"width: 150px;\">\n<li>Montes<\/li>\n<li>Dietes especials<\/li>\n<li>Donar corda<\/li>\n<\/ul>\n<p><\/div\t>[\/vc_column_text][\/vc_column][vc_column width=&#8221;1\/4&#8243;][vc_column_text]<div class=\"list list-circle\"><\/p>\n<ul>\n<li>Posar i treure benes de descans<\/li>\n<li>Posar i treure mantes<\/li>\n<\/ul>\n<p><\/div\t>[\/vc_column_text][\/vc_column][vc_column width=&#8221;1\/4&#8243;][vc_column_text]<div class=\"list list-circle\"><\/p>\n<ul style=\"width: 150px;\">\n<li>Servei veterinari<\/li>\n<li>Odont\u00f2leg<\/li>\n<\/ul>\n<p><\/div\t>[\/vc_column_text][\/vc_column][vc_column width=&#8221;1\/4&#8243;][vc_column_text]<div class=\"list list-circle\"><\/p>\n<ul style=\"width: 150px;\">\n<li>Servei de ferratge<\/li>\n<li>Neteja de suadores<\/li>\n<\/ul>\n<p><\/div\t>[\/vc_column_text][\/vc_column][\/vc_row][vc_row bg_type=&#8221;bg_color&#8221; bg_grad=&#8221;background: -webkit-gradient(linear, left top, left bottom, color-stop(0%, #FBFBFB), color-stop(50%, #E3E3E3), color-stop(100%, #C2C2C2));background: -moz-linear-gradient(top,#FBFBFB 0%,#E3E3E3 50%,#C2C2C2 100%);background: -webkit-linear-gradient(top,#FBFBFB 0%,#E3E3E3 50%,#C2C2C2 100%);background: -o-linear-gradient(top,#FBFBFB 0%,#E3E3E3 50%,#C2C2C2 100%);background: -ms-linear-gradient(top,#FBFBFB 0%,#E3E3E3 50%,#C2C2C2 100%);background: linear-gradient(top,#FBFBFB 0%,#E3E3E3 50%,#C2C2C2 100%);&#8221; parallax_style=&#8221;vcpb-default&#8221; bg_image_repeat=&#8221;no-repeat&#8221; bg_image_size=&#8221;cover&#8221; bg_img_attach=&#8221;fixed&#8221; parallax_sense=&#8221;30&#8243; animation_direction=&#8221;left-animation&#8221; animation_repeat=&#8221;repeat&#8221; parallax_content_sense=&#8221;30&#8243; fadeout_start_effect=&#8221;30&#8243; bg_override=&#8221;full&#8221; bg_color_value=&#8221;#f9f9f9&#8243; css=&#8221;.vc_custom_1415011830849{margin-top: 0px !important;margin-bottom: 0px !important;}&#8221;][vc_column width=&#8221;1\/1&#8243; css=&#8221;.vc_custom_1414753759337{margin-bottom: 0px !important;}&#8221;][vc_column_text]L\u2019alimentaci\u00f3 del cavall \u00e9s molt important per nosaltres pel que tenim un control exhaustiu de les necessitats de cada cavall. En la modalitat est\u00e0ndard oferim 3 \u00e0pats al dia.[\/vc_column_text][\/vc_column][\/vc_row]<\/p>\n<\/section>","protected":false},"excerpt":{"rendered":"<p>[vc_row bg_type=&#8221;image&#8221; bg_grad=&#8221;background: -webkit-gradient(linear, left top, left bottom, color-stop(0%, #FBFBFB), color-stop(50%, #E3E3E3), color-stop(100%, #C2C2C2));background: -moz-linear-gradient(top,#FBFBFB&#8230;<\/p>\n","protected":false},"author":2,"featured_media":0,"parent":0,"menu_order":0,"comment_status":"open","ping_status":"open","template":"","meta":{"ngg_post_thumbnail":0},"_links":{"self":[{"href":"https:\/\/www.hipicamasbatllo.com\/ca\/wp-json\/wp\/v2\/pages\/23960\/"}],"collection":[{"href":"https:\/\/www.hipicamasbatllo.com\/ca\/wp-json\/wp\/v2\/pages\/"}],"about":[{"href":"https:\/\/www.hipicamasbatllo.com\/ca\/wp-json\/wp\/v2\/types\/page\/"}],"author":[{"embeddable":true,"href":"https:\/\/www.hipicamasbatllo.com\/ca\/wp-json\/wp\/v2\/users\/2\/"}],"replies":[{"embeddable":true,"href":"https:\/\/www.hipicamasbatllo.com\/ca\/wp-json\/wp\/v2\/comments\/?post=23960"}],"version-history":[{"count":5,"href":"https:\/\/www.hipicamasbatllo.com\/ca\/wp-json\/wp\/v2\/pages\/23960\/revisions\/"}],"predecessor-version":[{"id":23990,"href":"https:\/\/www.hipicamasbatllo.com\/ca\/wp-json\/wp\/v2\/pages\/23960\/revisions\/23990\/"}],"wp:attachment":[{"href":"https:\/\/www.hipicamasbatllo.com\/ca\/wp-json\/wp\/v2\/media\/?parent=23960"}],"curies":[{"name":"wp","href":"https:\/\/api.w.org\/{rel}","templated":true}]}}