{"id":23918,"date":"2014-07-11T14:34:37","date_gmt":"2014-07-11T14:34:37","guid":{"rendered":"http:\/\/www.hipicamasbatllo.com\/horseball-2\/"},"modified":"2015-04-13T08:01:25","modified_gmt":"2015-04-13T08:01:25","slug":"horseball","status":"publish","type":"page","link":"https:\/\/www.hipicamasbatllo.com\/ca\/horseball\/","title":{"rendered":"Horseball"},"content":{"rendered":"<section class=\"wpb-content-wrapper\"><p>[vc_row css=&#8221;.vc_custom_1413466635621{margin-top: 20px !important;padding-top: 50px !important;padding-bottom: 20px !important;}&#8221; bg_type=&#8221;image&#8221; bg_grad=&#8221;background: -webkit-gradient(linear, left top, left bottom, color-stop(0%, #FBFBFB), color-stop(50%, #E3E3E3), color-stop(100%, #C2C2C2));background: -moz-linear-gradient(top,#FBFBFB 0%,#E3E3E3 50%,#C2C2C2 100%);background: -webkit-linear-gradient(top,#FBFBFB 0%,#E3E3E3 50%,#C2C2C2 100%);background: -o-linear-gradient(top,#FBFBFB 0%,#E3E3E3 50%,#C2C2C2 100%);background: -ms-linear-gradient(top,#FBFBFB 0%,#E3E3E3 50%,#C2C2C2 100%);background: linear-gradient(top,#FBFBFB 0%,#E3E3E3 50%,#C2C2C2 100%);&#8221; parallax_style=&#8221;vcpb-default&#8221; bg_image_repeat=&#8221;no-repeat&#8221; bg_image_size=&#8221;cover&#8221; bg_img_attach=&#8221;fixed&#8221; parallax_sense=&#8221;30&#8243; viewport_vdo=&#8221;viewport_play&#8221; enable_controls=&#8221;display_control&#8221; bg_override=&#8221;full&#8221; el_class=&#8221;green-btn&#8221; animation_direction=&#8221;left-animation&#8221; animation_repeat=&#8221;repeat&#8221; parallax_content_sense=&#8221;30&#8243; fadeout_start_effect=&#8221;30&#8243; bg_image_new=&#8221;22863&#8243;][vc_column width=&#8221;1\/1&#8243;][vc_column_text]<\/p>\n<h1 style=\"font-size: 40px; font-family: 'Roboto', serif; font-weight: 300; text-align: center;\"><span style=\"color: #ffffff;\">HORSEBALL<\/span><\/h1>\n<hr class=\"divider break\" \/>\n<p style=\"font-size: 18px; font-family: Roboto; font-weight: 300; text-align: center;\"><span style=\"color: #ffffff;\">El horseball \u00e9s una disciplina h\u00edpica d\u2019equip mixta apta per a totes les edats i nivells.<\/span><\/p>\n<p>[\/vc_column_text][\/vc_column][\/vc_row][vc_row css=&#8221;.vc_custom_1414583368340{margin-bottom: 0px !important;padding-top: 20px !important;padding-bottom: -50px !important;}&#8221; bg_type=&#8221;no_bg&#8221; bg_grad=&#8221;background: -webkit-gradient(linear, left top, left bottom, color-stop(0%, #FBFBFB), color-stop(50%, #E3E3E3), color-stop(100%, #C2C2C2));background: -moz-linear-gradient(top,#FBFBFB 0%,#E3E3E3 50%,#C2C2C2 100%);background: -webkit-linear-gradient(top,#FBFBFB 0%,#E3E3E3 50%,#C2C2C2 100%);background: -o-linear-gradient(top,#FBFBFB 0%,#E3E3E3 50%,#C2C2C2 100%);background: -ms-linear-gradient(top,#FBFBFB 0%,#E3E3E3 50%,#C2C2C2 100%);background: linear-gradient(top,#FBFBFB 0%,#E3E3E3 50%,#C2C2C2 100%);&#8221; parallax_style=&#8221;vcpb-default&#8221; bg_image_repeat=&#8221;no-repeat&#8221; bg_image_size=&#8221;cover&#8221; bg_img_attach=&#8221;fixed&#8221; parallax_sense=&#8221;30&#8243; animation_direction=&#8221;left-animation&#8221; animation_repeat=&#8221;repeat&#8221; parallax_content_sense=&#8221;30&#8243; fadeout_start_effect=&#8221;30&#8243; bg_override=&#8221;0&#8243;][vc_column width=&#8221;1\/3&#8243; css=&#8221;.vc_custom_1414583462394{margin-bottom: 0px !important;padding-top: 20px !important;}&#8221;][vc_single_image image=&#8221;22944&#8243; img_size=&#8221;500&#215;547&#8243;][\/vc_column][vc_column width=&#8221;2\/3&#8243; css=&#8221;.vc_custom_1414493164886{padding-left: 60px !important;}&#8221;][vc_column_text]<\/p>\n<h1 class=\"font-alt\" style=\"font-size: 22px; font-weight: 300; font-family: Roboto; text-align: left; text-transform: none; line-height: 30px; border-width: 0px; color: #0e3084; margin: 0px 0px 10px; padding: 0px; letter-spacing: 0px; -webkit-transition: all 0s ease 0s; transition: all 0s ease 0s; min-height: 0px; min-width: 0px;\">Les edats de participaci\u00f3 en la competici\u00f3 van des dels 6 anys a l\u2019edat adulta distribu\u00efts en diferents categories.<\/h1>\n<p>La nostra escola es desenvolupa en un entorn pedag\u00f2gic basat en la tecnificaci\u00f3 h\u00edpica i de horseball., la transmissi\u00f3 de valors com el companyerisme i respecte pels animals alhora que s\u2019apr\u00e8n a establir les bases de l\u2019entrenament del cavall. En el nostre palmar\u00e8s cal destacar l\u2019equip professional d\u2019elit.[\/vc_column_text][vc_row_inner css=&#8221;.vc_custom_1414493260217{margin-bottom: -200px !important;margin-left: -50px !important;border-bottom-width: -200px !important;border-left-width: -50px !important;padding-top: 20px !important;padding-left: -50px !important;}&#8221;][vc_column_inner width=&#8221;1\/3&#8243;]<div class=\"smile_icon_list_wrap ult-adjust-bottom-margin  \"><ul class=\"smile_icon_list left square with_bg\"><li class=\"icon_list_item\" style=\" font-size:72px;\"><div class=\"icon_list_icon\" data-animation=\"\" data-animation-delay=\"03\" style=\"font-size:24px;border-width:1px;border-style:none;background:#ffffff;color:#0e3084;border-color:#333333;\"><i class=\"Defaults-trophy\" ><\/i><\/div><div class=\"icon_description\" id=\"Info-list-wrap-6100\" style=\"font-size:24px;\"><div class=\"icon_description_text ult-responsive\"  data-ultimate-target='#Info-list-wrap-6100 .icon_description_text'  data-responsive-json-new='{\"font-size\":\"desktop:13px;\",\"line-height\":\"desktop:18px;\"}'  style=\"\"><h4 style=\"font-family: 'Roboto', serif; font-size: 16px; text-align: left; margin-left: -25px;\">EQUIP \u00c8LIT 2014<\/h4>\n<hr class=\"divider break\" style=\"display: inline-block; margin: 10px auto; margin-left: -25px;\" \/>\n<p style=\"font-family: Roboto; font-size: 12px; text-align: left; margin-left: -25px;\">&#8211; Medalla de plata Campionat d\u2019Espanya<br \/>\n&#8211; Medalla de bronze campionat Catalunya<\/p>\n<\/div><\/div><div class=\"icon_list_connector\"  style=\"border-color:#333333;\"><\/div><\/li><\/ul><\/div>[\/vc_column_inner][vc_column_inner width=&#8221;1\/3&#8243;]<div class=\"smile_icon_list_wrap ult-adjust-bottom-margin  \"><ul class=\"smile_icon_list left square with_bg\"><li class=\"icon_list_item\" style=\" font-size:72px;\"><div class=\"icon_list_icon\" data-animation=\"\" data-animation-delay=\"03\" style=\"font-size:24px;border-width:1px;border-style:none;background:#ffffff;color:#333333;border-color:#333333;\"><i class=\"Defaults-trophy\" ><\/i><\/div><div class=\"icon_description\" id=\"Info-list-wrap-2800\" style=\"font-size:24px;\"><div class=\"icon_description_text ult-responsive\"  data-ultimate-target='#Info-list-wrap-2800 .icon_description_text'  data-responsive-json-new='{\"font-size\":\"desktop:13px;\",\"line-height\":\"desktop:18px;\"}'  style=\"\"><h4 style=\"font-family: 'Roboto', serif; font-size: 16px; text-align: left; margin-left: -25px;\">EQUIP \u00c8LIT 2013<\/h4>\n<hr class=\"divider break\" style=\"display: inline-block; margin: 10px auto; margin-left: -25px;\" \/>\n<p style=\"font-family: Roboto; font-size: 12px; text-align: left; margin-left: -25px;\">&#8211; Medalla de plata Campionat d\u2019Espanya<br \/>\n&#8211; Medalla de plata lliga Catalana<\/p>\n<\/div><\/div><div class=\"icon_list_connector\"  style=\"border-color:#333333;\"><\/div><\/li><\/ul><\/div>[\/vc_column_inner][vc_column_inner width=&#8221;1\/3&#8243;]<div class=\"smile_icon_list_wrap ult-adjust-bottom-margin  \"><ul class=\"smile_icon_list left square with_bg\"><li class=\"icon_list_item\" style=\" font-size:72px;\"><div class=\"icon_list_icon\" data-animation=\"\" data-animation-delay=\"03\" style=\"font-size:24px;border-width:1px;border-style:none;background:#ffffff;color:#333333;border-color:#333333;\"><i class=\"Defaults-trophy\" ><\/i><\/div><div class=\"icon_description\" id=\"Info-list-wrap-1745\" style=\"font-size:24px;\"><div class=\"icon_description_text ult-responsive\"  data-ultimate-target='#Info-list-wrap-1745 .icon_description_text'  data-responsive-json-new='{\"font-size\":\"desktop:13px;\",\"line-height\":\"desktop:18px;\"}'  style=\"\"><h4 style=\"font-family: 'Roboto', serif; font-size: 16px; text-align: left; margin-left: -25px;\">EQUIP \u00c8LIT 2012<\/h4>\n<hr class=\"divider break\" style=\"display: inline-block; margin: 10px auto; margin-left: -25px;\" \/>\n<p style=\"font-family: Roboto; font-size: 12px; text-align: left; margin-left: -25px;\">&#8211; Medalla de plata Campionat d\u2019Europa<br \/>\n&#8211; Medalla d&#8217;Or Campionat d\u2019Espa\u00f1a<br \/>\n&#8211; Medalla de plata Campionat de Catalunya<\/p>\n<\/div><\/div><div class=\"icon_list_connector\"  style=\"border-color:#333333;\"><\/div><\/li><\/ul><\/div>[\/vc_column_inner][\/vc_row_inner][vc_row_inner css=&#8221;.vc_custom_1414493260217{margin-bottom: -200px !important;margin-left: -50px !important;border-bottom-width: -200px !important;border-left-width: -50px !important;padding-top: 20px !important;padding-left: -50px !important;}&#8221;][vc_column_inner width=&#8221;1\/3&#8243;]<div class=\"smile_icon_list_wrap ult-adjust-bottom-margin  \"><ul class=\"smile_icon_list left square with_bg\"><li class=\"icon_list_item\" style=\" font-size:72px;\"><div class=\"icon_list_icon\" data-animation=\"\" data-animation-delay=\"03\" style=\"font-size:24px;border-width:1px;border-style:none;background:#ffffff;color:#0e3084;border-color:#333333;\"><i class=\"Defaults-trophy\" ><\/i><\/div><div class=\"icon_description\" id=\"Info-list-wrap-4141\" style=\"font-size:24px;\"><div class=\"icon_description_text ult-responsive\"  data-ultimate-target='#Info-list-wrap-4141 .icon_description_text'  data-responsive-json-new='{\"font-size\":\"desktop:13px;\",\"line-height\":\"desktop:18px;\"}'  style=\"\"><h4 style=\"font-family: 'Roboto', serif; font-size: 16px; text-align: left; margin-left: -25px;\">EQUIP \u00c8LIT 2011<\/h4>\n<hr class=\"divider break\" style=\"display: inline-block; margin: 10px auto; margin-left: -25px;\" \/>\n<p style=\"font-family: Roboto; font-size: 12px; text-align: left; margin-left: -25px;\">&#8211; Medalla de Plata campionat d&#8217;Europa<br \/>\n&#8211; Medalla de plata campionat d&#8217;Espa\u00f1a<br \/>\n&#8211; Medalla d&#8217;Or lliga Catalana<\/p>\n<\/div><\/div><div class=\"icon_list_connector\"  style=\"border-color:#333333;\"><\/div><\/li><\/ul><\/div>[\/vc_column_inner][vc_column_inner width=&#8221;1\/3&#8243;][\/vc_column_inner][vc_column_inner width=&#8221;1\/3&#8243;][\/vc_column_inner][\/vc_row_inner][\/vc_column][\/vc_row]<\/p>\n<\/section>","protected":false},"excerpt":{"rendered":"<p>[vc_row css=&#8221;.vc_custom_1413466635621{margin-top: 20px !important;padding-top: 50px !important;padding-bottom: 20px !important;}&#8221; bg_type=&#8221;image&#8221; bg_grad=&#8221;background: -webkit-gradient(linear, left top, left bottom,&#8230;<\/p>\n","protected":false},"author":2,"featured_media":0,"parent":0,"menu_order":0,"comment_status":"open","ping_status":"open","template":"","meta":{"ngg_post_thumbnail":0},"_links":{"self":[{"href":"https:\/\/www.hipicamasbatllo.com\/ca\/wp-json\/wp\/v2\/pages\/23918\/"}],"collection":[{"href":"https:\/\/www.hipicamasbatllo.com\/ca\/wp-json\/wp\/v2\/pages\/"}],"about":[{"href":"https:\/\/www.hipicamasbatllo.com\/ca\/wp-json\/wp\/v2\/types\/page\/"}],"author":[{"embeddable":true,"href":"https:\/\/www.hipicamasbatllo.com\/ca\/wp-json\/wp\/v2\/users\/2\/"}],"replies":[{"embeddable":true,"href":"https:\/\/www.hipicamasbatllo.com\/ca\/wp-json\/wp\/v2\/comments\/?post=23918"}],"version-history":[{"count":8,"href":"https:\/\/www.hipicamasbatllo.com\/ca\/wp-json\/wp\/v2\/pages\/23918\/revisions\/"}],"predecessor-version":[{"id":23930,"href":"https:\/\/www.hipicamasbatllo.com\/ca\/wp-json\/wp\/v2\/pages\/23918\/revisions\/23930\/"}],"wp:attachment":[{"href":"https:\/\/www.hipicamasbatllo.com\/ca\/wp-json\/wp\/v2\/media\/?parent=23918"}],"curies":[{"name":"wp","href":"https:\/\/api.w.org\/{rel}","templated":true}]}}