{"id":23865,"date":"2014-07-12T06:42:53","date_gmt":"2014-07-12T06:42:53","guid":{"rendered":"http:\/\/www.hipicamasbatllo.com\/escuela-equitacion-2\/"},"modified":"2015-05-18T14:59:01","modified_gmt":"2015-05-18T14:59:01","slug":"escuela-equitacion","status":"publish","type":"page","link":"https:\/\/www.hipicamasbatllo.com\/ca\/escuela-equitacion\/","title":{"rendered":"Formaci\u00f3 Professional i Escola d&#8217;Equitaci\u00f3"},"content":{"rendered":"<section class=\"wpb-content-wrapper\"><p>[vc_row css=&#8221;.vc_custom_1413468576904{margin-top: 0px !important;padding-top: 50px !important;padding-bottom: 20px !important;}&#8221; bg_type=&#8221;image&#8221; bg_grad=&#8221;background: -webkit-gradient(linear, left top, left bottom, color-stop(0%, #FBFBFB), color-stop(50%, #E3E3E3), color-stop(100%, #C2C2C2));background: -moz-linear-gradient(top,#FBFBFB 0%,#E3E3E3 50%,#C2C2C2 100%);background: -webkit-linear-gradient(top,#FBFBFB 0%,#E3E3E3 50%,#C2C2C2 100%);background: -o-linear-gradient(top,#FBFBFB 0%,#E3E3E3 50%,#C2C2C2 100%);background: -ms-linear-gradient(top,#FBFBFB 0%,#E3E3E3 50%,#C2C2C2 100%);background: linear-gradient(top,#FBFBFB 0%,#E3E3E3 50%,#C2C2C2 100%);&#8221; parallax_style=&#8221;vcpb-default&#8221; bg_image_repeat=&#8221;no-repeat&#8221; bg_image_size=&#8221;cover&#8221; bg_img_attach=&#8221;fixed&#8221; parallax_sense=&#8221;30&#8243; viewport_vdo=&#8221;viewport_play&#8221; enable_controls=&#8221;display_control&#8221; bg_override=&#8221;full&#8221; bg_image_new=&#8221;22879&#8243; animation_direction=&#8221;left-animation&#8221; animation_repeat=&#8221;repeat&#8221; parallax_content_sense=&#8221;30&#8243; fadeout_start_effect=&#8221;30&#8243;][vc_column width=&#8221;1\/1&#8243;][vc_column_text]<\/p>\n<h1 style=\"text-align: center; font-size: 40px; font-family: Roboto; font-weight: 300;\"><span style=\"color: #ffffff;\">ESOLA D&#8217;EQUITACI\u00d3<\/span><\/h1>\n<hr class=\"divider break\" \/>\n<p style=\"text-align: center; font-size: 18px; font-family: Roboto; font-weight: 300;\"><span style=\"color: #ffffff;\">La nostra escola d\u2019equitaci\u00f3 forma genets i amazones a tots els nivells i edats, des de nens a adults.<br \/>\nDes de la iniciaci\u00f3 a la tecnificaci\u00f3 i competici\u00f3 o formaci\u00f3 professional, tu tries.<\/span><\/p>\n<p>[\/vc_column_text][\/vc_column][\/vc_row][vc_row css=&#8221;.vc_custom_1413977988728{margin-top: 60px !important;margin-bottom: 0px !important;}&#8221; bg_type=&#8221;no_bg&#8221; bg_grad=&#8221;background: -webkit-gradient(linear, left top, left bottom, color-stop(0%, #FBFBFB), color-stop(50%, #E3E3E3), color-stop(100%, #C2C2C2));background: -moz-linear-gradient(top,#FBFBFB 0%,#E3E3E3 50%,#C2C2C2 100%);background: -webkit-linear-gradient(top,#FBFBFB 0%,#E3E3E3 50%,#C2C2C2 100%);background: -o-linear-gradient(top,#FBFBFB 0%,#E3E3E3 50%,#C2C2C2 100%);background: -ms-linear-gradient(top,#FBFBFB 0%,#E3E3E3 50%,#C2C2C2 100%);background: linear-gradient(top,#FBFBFB 0%,#E3E3E3 50%,#C2C2C2 100%);&#8221; parallax_style=&#8221;vcpb-default&#8221; bg_image_repeat=&#8221;no-repeat&#8221; bg_image_size=&#8221;cover&#8221; bg_img_attach=&#8221;fixed&#8221; parallax_sense=&#8221;30&#8243; animation_direction=&#8221;left-animation&#8221; animation_repeat=&#8221;repeat&#8221; parallax_content_sense=&#8221;30&#8243; fadeout_start_effect=&#8221;30&#8243; bg_override=&#8221;0&#8243;][vc_column width=&#8221;1\/2&#8243;][vc_column_text]<\/p>\n<h4 style=\"font-family: Roboto; font-size: 18px; font-weight: 400; text-align: center;\"><span style=\"color: #0e3084;\">CURS INTENSIU D&#8217;ESTIU<\/span><\/h4>\n<hr class=\"divider break\" style=\"margin: 10px auto;\" \/>\n<p style=\"font-family: Roboto; font-size: 13px; text-align: left;\">Curs intensiu d&#8217;estiu per a la preparaci\u00f3 de les probes d&#8217;acc\u00e9s que convoca el Departament d&#8217;Ensenyament<\/p>\n<p style=\"font-family: Roboto; font-size: 13px; text-align: left;\">Prepara&#8217;t per a les probes d&#8217;acc\u00e9s en format intensiu durant els mesos de juliol i setembre<\/p>\n<p style=\"font-family: Roboto; font-size: 13px; text-align: left;\">De diumenge a dissabte: preparem la tecnificaci\u00f3 en les disciplines de salt, doma, cross i teor\u00eda<\/p>\n<p style=\"font-family: Roboto; font-size: 13px; text-align: left;\">Tamb\u00e9 farem d&#8217;altres activitats: pisicina, rutes a cavall&#8230;<\/p>\n<p style=\"font-family: Roboto; font-size: 13px; text-align: left;\">Dates:<\/p>\n<p style=\"font-family: Roboto; font-size: 13px; text-align: left;\">Juliol: del 5 a l&#8217;11, del 12 al 18, del 19 al 25, del 26 de juliol a l&#8217;1 d&#8217;agost<\/p>\n<p style=\"font-family: Roboto; font-size: 13px; text-align: left;\">Setembre: del 6 al 12<\/p>\n<p style=\"font-family: Roboto; font-size: 13px; text-align: left;\">Tarifa: 570\u20ac la setmana<\/p>\n<p>[\/vc_column_text][\/vc_column][vc_column width=&#8221;1\/2&#8243;][vc_column_text]<\/p>\n<h4 style=\"font-family: Roboto; font-size: 18px; font-weight: 400; text-align: center;\"><span style=\"color: #0e3084;\">FORMACI\u00d3 PROFESSIONAL<\/span><\/h4>\n<hr class=\"divider break\" style=\"margin: 10px auto;\" \/>\n<p style=\"font-family: Roboto; font-size: 13px; text-align: left;\">A Centre H\u00edpic Mas Batll\u00f3 apostem per la teva formaci\u00f3 i t\u2019ajudem a fer de la teva passi\u00f3 la teva professi\u00f3. A m\u00e9s som escola homologada per la RFHE i FCH i fem ex\u00e0mens de galops de totes les disciplines.<br \/>\nT\u2019oferim:<\/p>\n<ul>\n<li><span style=\"font-family: Roboto; font-size: 13px;\">Curs de preparaci\u00f3 a les proves d\u2019acc\u00e9s que convoca el Departament d\u2019Ensenyament de la Generalitat de Catalunya. <a href=\"http:\/\/www.hipicamasbatllo.com\/wp-content\/uploads\/2015\/01\/prueba-acceso-hipica.pdf\">clica aqu\u00ed &#8211; proves d\u2019acc\u00e9s<\/a><\/span><\/li>\n<li><span style=\"font-family: Roboto; font-size: 13px;\">Formaci\u00f3 professional de Grau Mig en H\u00edpica en conveni amb l&#8217;escola Joviat.<a href=\"http:\/\/www.hipicamasbatllo.com\/wp-content\/uploads\/2015\/01\/formacion-profesional.pdf\">clica aqu\u00ed &#8211; Info sobre formaci\u00f3<\/a><\/span><\/li>\n<\/ul>\n<p>INSCRIPCIONS OBERTES![\/vc_column_text][vc_empty_space height=&#8221;32px&#8221;][vc_column_text]<\/p>\n<p style=\"font-family: Roboto; font-size: 13px; text-align: left;\">Vols m\u00e9s informaci\u00f3? Llavors no ho dubtis, contacta amb nosaltres i t&#8217;informarem sobre tots els nostres cursos.<\/p>\n<p style=\"text-align: center;\"><a class=\"btn medium btn-white\" style=\"color: #fff; background: #0e3083; border: none;\" href=\"http:\/\/www.hipicamasbatllo.com\/ca\/contacto\/\">CONTACTAR<\/a><\/p>\n<p>[\/vc_column_text][\/vc_column][\/vc_row][vc_row bg_type=&#8221;no_bg&#8221; bg_grad=&#8221;background: -webkit-gradient(linear, left top, left bottom, color-stop(0%, #FBFBFB), color-stop(50%, #E3E3E3), color-stop(100%, #C2C2C2));background: -moz-linear-gradient(top,#FBFBFB 0%,#E3E3E3 50%,#C2C2C2 100%);background: -webkit-linear-gradient(top,#FBFBFB 0%,#E3E3E3 50%,#C2C2C2 100%);background: -o-linear-gradient(top,#FBFBFB 0%,#E3E3E3 50%,#C2C2C2 100%);background: -ms-linear-gradient(top,#FBFBFB 0%,#E3E3E3 50%,#C2C2C2 100%);background: linear-gradient(top,#FBFBFB 0%,#E3E3E3 50%,#C2C2C2 100%);&#8221; parallax_style=&#8221;vcpb-default&#8221; bg_image_repeat=&#8221;no-repeat&#8221; bg_image_size=&#8221;cover&#8221; bg_img_attach=&#8221;fixed&#8221; parallax_sense=&#8221;30&#8243; animation_direction=&#8221;left-animation&#8221; animation_repeat=&#8221;repeat&#8221; parallax_content_sense=&#8221;30&#8243; fadeout_start_effect=&#8221;30&#8243; bg_override=&#8221;0&#8243; css=&#8221;.vc_custom_1414584313879{margin-bottom: 0px !important;}&#8221;][vc_column width=&#8221;1\/2&#8243;][vc_single_image image=&#8221;23016&#8243; img_size=&#8221;550\u2006\u00d7\u2006150&#8243;][\/vc_column][vc_column width=&#8221;1\/2&#8243;][vc_single_image image=&#8221;23013&#8243; img_size=&#8221;550\u2006\u00d7\u2006150&#8243;][\/vc_column][\/vc_row]<\/p>\n<\/section>","protected":false},"excerpt":{"rendered":"<p>[vc_row css=&#8221;.vc_custom_1413468576904{margin-top: 0px !important;padding-top: 50px !important;padding-bottom: 20px !important;}&#8221; bg_type=&#8221;image&#8221; bg_grad=&#8221;background: -webkit-gradient(linear, left top, left bottom,&#8230;<\/p>\n","protected":false},"author":2,"featured_media":0,"parent":0,"menu_order":0,"comment_status":"open","ping_status":"open","template":"","meta":{"ngg_post_thumbnail":0},"_links":{"self":[{"href":"https:\/\/www.hipicamasbatllo.com\/ca\/wp-json\/wp\/v2\/pages\/23865\/"}],"collection":[{"href":"https:\/\/www.hipicamasbatllo.com\/ca\/wp-json\/wp\/v2\/pages\/"}],"about":[{"href":"https:\/\/www.hipicamasbatllo.com\/ca\/wp-json\/wp\/v2\/types\/page\/"}],"author":[{"embeddable":true,"href":"https:\/\/www.hipicamasbatllo.com\/ca\/wp-json\/wp\/v2\/users\/2\/"}],"replies":[{"embeddable":true,"href":"https:\/\/www.hipicamasbatllo.com\/ca\/wp-json\/wp\/v2\/comments\/?post=23865"}],"version-history":[{"count":8,"href":"https:\/\/www.hipicamasbatllo.com\/ca\/wp-json\/wp\/v2\/pages\/23865\/revisions\/"}],"predecessor-version":[{"id":24329,"href":"https:\/\/www.hipicamasbatllo.com\/ca\/wp-json\/wp\/v2\/pages\/23865\/revisions\/24329\/"}],"wp:attachment":[{"href":"https:\/\/www.hipicamasbatllo.com\/ca\/wp-json\/wp\/v2\/media\/?parent=23865"}],"curies":[{"name":"wp","href":"https:\/\/api.w.org\/{rel}","templated":true}]}}