{"id":23851,"date":"2014-07-11T14:34:37","date_gmt":"2014-07-11T14:34:37","guid":{"rendered":"http:\/\/www.hipicamasbatllo.com\/eventos-empresas-2\/"},"modified":"2015-04-09T11:13:10","modified_gmt":"2015-04-09T11:13:10","slug":"eventos-empresas","status":"publish","type":"page","link":"https:\/\/www.hipicamasbatllo.com\/ca\/eventos-empresas\/","title":{"rendered":"Esdeveniments i empreses"},"content":{"rendered":"<section class=\"wpb-content-wrapper\"><p>[vc_row bg_type=&#8221;image&#8221; bg_grad=&#8221;background: -webkit-gradient(linear, left top, left bottom, color-stop(0%, #FBFBFB), color-stop(50%, #E3E3E3), color-stop(100%, #C2C2C2));background: -moz-linear-gradient(top,#FBFBFB 0%,#E3E3E3 50%,#C2C2C2 100%);background: -webkit-linear-gradient(top,#FBFBFB 0%,#E3E3E3 50%,#C2C2C2 100%);background: -o-linear-gradient(top,#FBFBFB 0%,#E3E3E3 50%,#C2C2C2 100%);background: -ms-linear-gradient(top,#FBFBFB 0%,#E3E3E3 50%,#C2C2C2 100%);background: linear-gradient(top,#FBFBFB 0%,#E3E3E3 50%,#C2C2C2 100%);&#8221; parallax_style=&#8221;vcpb-default&#8221; bg_image_new=&#8221;22886&#8243; bg_image_repeat=&#8221;no-repeat&#8221; bg_image_size=&#8221;cover&#8221; bg_img_attach=&#8221;fixed&#8221; parallax_sense=&#8221;30&#8243; animation_direction=&#8221;left-animation&#8221; animation_repeat=&#8221;repeat&#8221; parallax_content_sense=&#8221;30&#8243; fadeout_start_effect=&#8221;30&#8243; bg_override=&#8221;full&#8221; css=&#8221;.vc_custom_1413469400587{padding-top: 50px !important;padding-bottom: 20px !important;}&#8221;][vc_column width=&#8221;1\/6&#8243;][\/vc_column][vc_column width=&#8221;2\/3&#8243;][vc_column_text]<\/p>\n<h1 style=\"font-size: 40px; font-family: 'Roboto', serif; font-weight: 300; text-align: center;\"><span style=\"color: #ffffff;\">MAS BATLL\u00d3 ESDEVENIMENTS<\/span><\/h1>\n<hr class=\"divider break\" \/>\n<p style=\"font-size: 18px; font-family: Roboto; font-weight: 300; text-align: center;\"><span style=\"color: #ffffff;\">A Mas Batll\u00f3 us oferim el disseny del vostre esdeveniment empresarial, amb activitats, d\u2019outdoor, Teambuilding i servei de consultoria. Lloguem cavalls per televisi\u00f3 i sessions fotogr\u00e0fiques, lloguer de ponis per fires.<\/span><\/p>\n<p>[\/vc_column_text][\/vc_column][vc_column width=&#8221;1\/6&#8243;][\/vc_column][\/vc_row][vc_row css=&#8221;.vc_custom_1414493395582{margin-right: -50px !important;margin-bottom: 0px !important;margin-left: 20px !important;border-right-width: -50px !important;border-bottom-width: 0px !important;border-left-width: 20px !important;padding-right: -50px !important;padding-left: 20px !important;}&#8221; bg_type=&#8221;no_bg&#8221; bg_grad=&#8221;background: -webkit-gradient(linear, left top, left bottom, color-stop(0%, #FBFBFB), color-stop(50%, #E3E3E3), color-stop(100%, #C2C2C2));background: -moz-linear-gradient(top,#FBFBFB 0%,#E3E3E3 50%,#C2C2C2 100%);background: -webkit-linear-gradient(top,#FBFBFB 0%,#E3E3E3 50%,#C2C2C2 100%);background: -o-linear-gradient(top,#FBFBFB 0%,#E3E3E3 50%,#C2C2C2 100%);background: -ms-linear-gradient(top,#FBFBFB 0%,#E3E3E3 50%,#C2C2C2 100%);background: linear-gradient(top,#FBFBFB 0%,#E3E3E3 50%,#C2C2C2 100%);&#8221; parallax_style=&#8221;vcpb-default&#8221; bg_image_repeat=&#8221;no-repeat&#8221; bg_image_size=&#8221;cover&#8221; bg_img_attach=&#8221;fixed&#8221; parallax_sense=&#8221;30&#8243; animation_direction=&#8221;left-animation&#8221; animation_repeat=&#8221;repeat&#8221; parallax_content_sense=&#8221;30&#8243; fadeout_start_effect=&#8221;30&#8243; bg_override=&#8221;0&#8243;][vc_column width=&#8221;1\/2&#8243;][vc_column_text]<\/p>\n<h4 style=\"font-family: 'Roboto', serif; font-size: 18px; text-align: left; margin-left: 0px;\"><span style=\"color: #0e3084;\">ESDEVENIMENTS PER EMPRESES<\/span><\/h4>\n<hr class=\"divider break\" style=\"display: inline-block; margin: 10px auto; margin-left: 0px;\" \/>\n<p style=\"font-family: Roboto; font-size: 13px; text-align: left; margin-left: 0px;\"><span style=\"color: #252525;\"><strong>Programes d&#8217;outdoor<\/strong><\/span> amb activitats l\u00fadiques a mida per complementar els vostres cursos, convencions, seminaris i confer\u00e8ncies, aix\u00ed com programes d\u2019incentius.<\/p>\n<p style=\"font-family: Roboto; font-size: 13px; text-align: left; margin-left: 0px;\"><span style=\"color: #252525;\"><strong>Programes de teambuilding<\/strong><\/span>en el que coordinarem el marc l\u00fadic amb el treball d\u2019objectius o compet\u00e8ncies empresarials, reunions anuals, etc.<\/p>\n<p style=\"font-family: Roboto; font-size: 13px; text-align: left; margin-left: 0px;\"><strong><span style=\"color: #252525;\">Coaching amb cavalls.<\/span>\u00a0<\/strong>Molt apropiat per treballar aspectes de lideratge amb grups d\u2019empresa. Els cavalls s\u00f3n extraordinaris facilitador d\u2019aspectes de lideratge, planificaci\u00f3, estrat\u00e8gia, organitzaci\u00f3 del temps, comunicaci\u00f3, intel\u00b7lig\u00e8ncia emocional.<br \/>\nLes activitats de coaching amb cavalls es fan de peu a terra i no es necessari tenir cap experi\u00e8ncia ni coneixements previs sobre el cavall ja que aquest actua com un aliat en el proc\u00e9s de coaching individual i grupal.<\/p>\n<p>&nbsp;<\/p>\n<h4 style=\"font-family: 'Roboto', serif; font-size: 18px; text-align: left; margin-left: 0px;\"><span style=\"color: #0e3084;\">PEL.LICULES I SESSIONS FOTOGR\u00c0FIQUES<\/span><\/h4>\n<hr class=\"divider break\" style=\"display: inline-block; margin: 10px auto; margin-left: 0px;\" \/>\n<p style=\"font-family: Roboto; font-size: 13px; text-align: left; margin-left: 0px;\">Lloguem cavalls per realitzar sessions de fotografia o escenes de pel\u00b7l\u00edcules. Pressupostos a mida!<\/p>\n<p>[\/vc_column_text][\/vc_column][vc_column width=&#8221;1\/2&#8243; css=&#8221;.vc_custom_1413979376689{margin-top: 10px !important;}&#8221;][vc_single_image image=&#8221;23055&#8243; img_size=&#8221;420\u2006\u00d7\u2006520&#8243;][\/vc_column][\/vc_row]<\/p>\n<\/section>","protected":false},"excerpt":{"rendered":"<p>[vc_row bg_type=&#8221;image&#8221; bg_grad=&#8221;background: -webkit-gradient(linear, left top, left bottom, color-stop(0%, #FBFBFB), color-stop(50%, #E3E3E3), color-stop(100%, #C2C2C2));background: -moz-linear-gradient(top,#FBFBFB&#8230;<\/p>\n","protected":false},"author":2,"featured_media":0,"parent":0,"menu_order":0,"comment_status":"open","ping_status":"open","template":"","meta":{"ngg_post_thumbnail":0},"_links":{"self":[{"href":"https:\/\/www.hipicamasbatllo.com\/ca\/wp-json\/wp\/v2\/pages\/23851\/"}],"collection":[{"href":"https:\/\/www.hipicamasbatllo.com\/ca\/wp-json\/wp\/v2\/pages\/"}],"about":[{"href":"https:\/\/www.hipicamasbatllo.com\/ca\/wp-json\/wp\/v2\/types\/page\/"}],"author":[{"embeddable":true,"href":"https:\/\/www.hipicamasbatllo.com\/ca\/wp-json\/wp\/v2\/users\/2\/"}],"replies":[{"embeddable":true,"href":"https:\/\/www.hipicamasbatllo.com\/ca\/wp-json\/wp\/v2\/comments\/?post=23851"}],"version-history":[{"count":5,"href":"https:\/\/www.hipicamasbatllo.com\/ca\/wp-json\/wp\/v2\/pages\/23851\/revisions\/"}],"predecessor-version":[{"id":23859,"href":"https:\/\/www.hipicamasbatllo.com\/ca\/wp-json\/wp\/v2\/pages\/23851\/revisions\/23859\/"}],"wp:attachment":[{"href":"https:\/\/www.hipicamasbatllo.com\/ca\/wp-json\/wp\/v2\/media\/?parent=23851"}],"curies":[{"name":"wp","href":"https:\/\/api.w.org\/{rel}","templated":true}]}}