{"id":23841,"date":"2014-07-11T14:34:37","date_gmt":"2014-07-11T14:34:37","guid":{"rendered":"http:\/\/www.hipicamasbatllo.com\/escuelas-2\/"},"modified":"2015-04-09T11:13:55","modified_gmt":"2015-04-09T11:13:55","slug":"escuelas","status":"publish","type":"page","link":"https:\/\/www.hipicamasbatllo.com\/ca\/escuelas\/","title":{"rendered":"Escoles"},"content":{"rendered":"<section class=\"wpb-content-wrapper\"><p>[vc_row css=&#8221;.vc_custom_1413470932748{padding-top: 50px !important;padding-bottom: 20px !important;}&#8221; bg_type=&#8221;image&#8221; bg_grad=&#8221;background: -webkit-gradient(linear, left top, left bottom, color-stop(0%, #FBFBFB), color-stop(50%, #E3E3E3), color-stop(100%, #C2C2C2));background: -moz-linear-gradient(top,#FBFBFB 0%,#E3E3E3 50%,#C2C2C2 100%);background: -webkit-linear-gradient(top,#FBFBFB 0%,#E3E3E3 50%,#C2C2C2 100%);background: -o-linear-gradient(top,#FBFBFB 0%,#E3E3E3 50%,#C2C2C2 100%);background: -ms-linear-gradient(top,#FBFBFB 0%,#E3E3E3 50%,#C2C2C2 100%);background: linear-gradient(top,#FBFBFB 0%,#E3E3E3 50%,#C2C2C2 100%);&#8221; parallax_style=&#8221;vcpb-default&#8221; bg_image_new=&#8221;22900&#8243; bg_image_repeat=&#8221;no-repeat&#8221; bg_image_size=&#8221;cover&#8221; bg_img_attach=&#8221;fixed&#8221; parallax_sense=&#8221;30&#8243; animation_direction=&#8221;left-animation&#8221; animation_repeat=&#8221;repeat&#8221; parallax_content_sense=&#8221;30&#8243; fadeout_start_effect=&#8221;30&#8243; bg_override=&#8221;full&#8221;][vc_column width=&#8221;1\/6&#8243;][\/vc_column][vc_column width=&#8221;2\/3&#8243;][vc_column_text]<\/p>\n<h1 style=\"font-size: 40px; font-family: Roboto, serif; font-weight: 300; text-align: center;\"><span style=\"color: #ffffff;\">ACTIVITATS PER ESCOLES<\/span><\/h1>\n<hr class=\"divider break\" \/>\n<p style=\"font-size: 18px; font-family: Roboto; font-weight: 300; text-align: center;\"><span style=\"color: #ffffff;\">Organitzem activitats per a escoles des de fa 25 anys tenint en compte el contingut pedag\u00f2gic en relaci\u00f3 al cavall. Una experi\u00e8ncia i un gran aprenentatge!<\/span><\/p>\n<p>[\/vc_column_text][\/vc_column][vc_column width=&#8221;1\/6&#8243;][\/vc_column][\/vc_row][vc_row css=&#8221;.vc_custom_1414583260758{margin-bottom: 0px !important;padding-top: 0px !important;padding-bottom: -30px !important;}&#8221; bg_type=&#8221;no_bg&#8221; bg_grad=&#8221;background: -webkit-gradient(linear, left top, left bottom, color-stop(0%, #FBFBFB), color-stop(50%, #E3E3E3), color-stop(100%, #C2C2C2));background: -moz-linear-gradient(top,#FBFBFB 0%,#E3E3E3 50%,#C2C2C2 100%);background: -webkit-linear-gradient(top,#FBFBFB 0%,#E3E3E3 50%,#C2C2C2 100%);background: -o-linear-gradient(top,#FBFBFB 0%,#E3E3E3 50%,#C2C2C2 100%);background: -ms-linear-gradient(top,#FBFBFB 0%,#E3E3E3 50%,#C2C2C2 100%);background: linear-gradient(top,#FBFBFB 0%,#E3E3E3 50%,#C2C2C2 100%);&#8221; parallax_style=&#8221;vcpb-default&#8221; bg_image_repeat=&#8221;no-repeat&#8221; bg_image_size=&#8221;cover&#8221; bg_img_attach=&#8221;fixed&#8221; parallax_sense=&#8221;30&#8243; animation_direction=&#8221;left-animation&#8221; animation_repeat=&#8221;repeat&#8221; parallax_content_sense=&#8221;30&#8243; fadeout_start_effect=&#8221;30&#8243; bg_override=&#8221;0&#8243;][vc_column width=&#8221;1\/2&#8243;][vc_column_text]<\/p>\n<h1 class=\"font-alt\" style=\"font-size: 22px; font-weight: 300; font-family: Roboto; text-align: left; color: #0e3084; text-transform: none; line-height: 30px; border-width: 0px; margin: 0px 0px 10px; padding: 0px; letter-spacing: 0px; -webkit-transition: all 0s ease 0s; transition: all 0s ease 0s; min-height: 0px; min-width: 0px;\">Organitzem activitats per a escoles d\u2019un dia, tamb\u00e9 activitats extraescolars en conveni amb AMPAS i escoles.<\/h1>\n<p>Activitats d\u2019un dia.<br \/>\nAdaptem les activitats d\u2019una jornada a les necessitats de l\u2019escola, treballem en diferents tallers temes sobre coneixement del cavall, alimentaci\u00f3, h\u00e0bits.<br \/>\nLes activitats estan adaptades a cada grup d\u2019edat:<\/p>\n<ul>\n<li>De 3 a 5 anys: les nostres sessions inclouen maneig i cura del cavall en el que el nen aprendr\u00e0 a tenir cura i preparar el poni, muntarem, farem tallers i jocs<\/li>\n<li>De 6 a 10 anys: Maneig i cura del cavall, equitaci\u00f3, tallers i jocs<\/li>\n<li>D\u201911 endavant: Combinem maneig del cavall i classe pr\u00e0ctica a la pista<\/li>\n<\/ul>\n<p>&nbsp;<\/p>\n<p>****Totes les activitats estan adaptades a persones amb discapacitat f\u00edsica, ps\u00edquica o intel\u00b7lectual[\/vc_column_text][\/vc_column][vc_column width=&#8221;1\/2&#8243;][vc_single_image image=&#8221;23014&#8243; img_size=&#8221;420\u2006\u00d7\u2006420&#8243; img_link_target=&#8221;_self&#8221;][\/vc_column][\/vc_row]<\/p>\n<\/section>","protected":false},"excerpt":{"rendered":"<p>[vc_row css=&#8221;.vc_custom_1413470932748{padding-top: 50px !important;padding-bottom: 20px !important;}&#8221; bg_type=&#8221;image&#8221; bg_grad=&#8221;background: -webkit-gradient(linear, left top, left bottom, color-stop(0%, #FBFBFB),&#8230;<\/p>\n","protected":false},"author":2,"featured_media":0,"parent":0,"menu_order":0,"comment_status":"open","ping_status":"open","template":"","meta":{"ngg_post_thumbnail":0},"_links":{"self":[{"href":"https:\/\/www.hipicamasbatllo.com\/ca\/wp-json\/wp\/v2\/pages\/23841\/"}],"collection":[{"href":"https:\/\/www.hipicamasbatllo.com\/ca\/wp-json\/wp\/v2\/pages\/"}],"about":[{"href":"https:\/\/www.hipicamasbatllo.com\/ca\/wp-json\/wp\/v2\/types\/page\/"}],"author":[{"embeddable":true,"href":"https:\/\/www.hipicamasbatllo.com\/ca\/wp-json\/wp\/v2\/users\/2\/"}],"replies":[{"embeddable":true,"href":"https:\/\/www.hipicamasbatllo.com\/ca\/wp-json\/wp\/v2\/comments\/?post=23841"}],"version-history":[{"count":6,"href":"https:\/\/www.hipicamasbatllo.com\/ca\/wp-json\/wp\/v2\/pages\/23841\/revisions\/"}],"predecessor-version":[{"id":23860,"href":"https:\/\/www.hipicamasbatllo.com\/ca\/wp-json\/wp\/v2\/pages\/23841\/revisions\/23860\/"}],"wp:attachment":[{"href":"https:\/\/www.hipicamasbatllo.com\/ca\/wp-json\/wp\/v2\/media\/?parent=23841"}],"curies":[{"name":"wp","href":"https:\/\/api.w.org\/{rel}","templated":true}]}}